{"id":29,"date":"2024-12-19T13:18:56","date_gmt":"2024-12-19T13:18:56","guid":{"rendered":"https:\/\/lagallerialivigno.com\/?page_id=29"},"modified":"2025-02-13T14:54:21","modified_gmt":"2025-02-13T14:54:21","slug":"lavora-con-noi","status":"publish","type":"page","link":"https:\/\/lagallerialivigno.com\/en\/lavora-con-noi\/","title":{"rendered":"Work with us"},"content":{"rendered":"<div data-elementor-type=\"wp-page\" data-elementor-id=\"29\" class=\"elementor elementor-29\" data-elementor-post-type=\"page\">\n\t\t\t\t<div class=\"elementor-element elementor-element-32f4ed6 e-con-full e-flex e-con e-parent\" data-id=\"32f4ed6\" data-element_type=\"container\">\n\t\t\t\t<div class=\"elementor-element elementor-element-4f76f17 elementor--h-position-center elementor--v-position-middle elementor-arrows-position-inside elementor-pagination-position-inside elementor-widget elementor-widget-slides\" data-id=\"4f76f17\" data-element_type=\"widget\" data-settings=\"{&quot;navigation&quot;:&quot;both&quot;,&quot;autoplay&quot;:&quot;yes&quot;,&quot;pause_on_hover&quot;:&quot;yes&quot;,&quot;pause_on_interaction&quot;:&quot;yes&quot;,&quot;autoplay_speed&quot;:5000,&quot;infinite&quot;:&quot;yes&quot;,&quot;transition&quot;:&quot;slide&quot;,&quot;transition_speed&quot;:500}\" data-widget_type=\"slides.default\">\n\t\t\t\t<div class=\"elementor-widget-container\">\n\t\t\t\t\t\t\t\t\t<div class=\"elementor-swiper\">\n\t\t\t\t\t<div class=\"elementor-slides-wrapper elementor-main-swiper swiper\" role=\"region\" aria-roledescription=\"carousel\" aria-label=\"Slides\" dir=\"ltr\" data-animation=\"fadeInUp\">\n\t\t\t\t<div class=\"swiper-wrapper elementor-slides\">\n\t\t\t\t\t\t\t\t\t\t<div class=\"elementor-repeater-item-41ef0f9 swiper-slide\" role=\"group\" aria-roledescription=\"slide\"><div class=\"swiper-slide-bg\" role=\"img\"><\/div><div class=\"swiper-slide-inner\" ><div class=\"swiper-slide-contents\"><\/div><\/div><\/div>\t\t\t\t<\/div>\n\t\t\t\t\t\t\t<\/div>\n\t\t\t\t<\/div>\n\t\t\t\t\t\t\t\t<\/div>\n\t\t\t\t<\/div>\n\t\t\t\t<\/div>\n\t\t<div class=\"elementor-element elementor-element-c8395d0 e-flex e-con-boxed e-con e-parent\" data-id=\"c8395d0\" data-element_type=\"container\">\n\t\t\t\t\t<div class=\"e-con-inner\">\n\t\t\t\t<div class=\"elementor-element elementor-element-94e67d1 elementor-widget elementor-widget-spacer\" data-id=\"94e67d1\" data-element_type=\"widget\" data-widget_type=\"spacer.default\">\n\t\t\t\t<div class=\"elementor-widget-container\">\n\t\t\t\t\t\t\t<div class=\"elementor-spacer\">\n\t\t\t<div class=\"elementor-spacer-inner\"><\/div>\n\t\t<\/div>\n\t\t\t\t\t\t<\/div>\n\t\t\t\t<\/div>\n\t\t\t\t<div class=\"elementor-element elementor-element-d13b8d1 elementor-widget elementor-widget-heading\" data-id=\"d13b8d1\" data-element_type=\"widget\" data-widget_type=\"heading.default\">\n\t\t\t\t<div class=\"elementor-widget-container\">\n\t\t\t\t\t<h2 class=\"elementor-heading-title elementor-size-default\">WORK WITH US<\/h2>\t\t\t\t<\/div>\n\t\t\t\t<\/div>\n\t\t<div class=\"elementor-element elementor-element-cd8c4f1 e-con-full e-flex e-con e-child\" data-id=\"cd8c4f1\" data-element_type=\"container\">\n\t\t\t\t<div class=\"elementor-element elementor-element-e2bc43f elementor-widget elementor-widget-text-editor\" data-id=\"e2bc43f\" data-element_type=\"widget\" data-widget_type=\"text-editor.default\">\n\t\t\t\t<div class=\"elementor-widget-container\">\n\t\t\t\t\t\t\t\t\t<div><p><strong>Cerchi una Nuova Opportunit\u00e0 di Lavoro? Unisciti a La Galleria Livigno!<\/strong><\/p><p data-start=\"476\" data-end=\"685\">Entrare a far parte del team di <strong data-start=\"508\" data-end=\"531\">La Galleria Livigno<\/strong> significa molto pi\u00f9 che avere un semplice lavoro: qui, il divertimento \u00e8 parte del nostro DNA, proprio come recita il nostro payoff <strong data-start=\"664\" data-end=\"682\">\u201cFun Shopping\u201d<\/strong>.<\/p><p data-start=\"687\" data-end=\"836\">Il nostro team \u00e8 composto da persone uniche, appassionate e altamente qualificate, capaci di offrire un <strong data-start=\"791\" data-end=\"815\">servizio impeccabile<\/strong> ai nostri clienti.<br \/><br \/><\/p><p data-start=\"873\" data-end=\"1037\"><strong data-start=\"876\" data-end=\"910\">PERCH\u00c9 LAVORARE CON NOI?<br \/><br \/>Ambiente dinamico e stimolante<\/strong>.<br data-start=\"911\" data-end=\"914\" \/><strong data-start=\"917\" data-end=\"970\">Formazione continua per la crescita professionale<\/strong>.<br data-start=\"971\" data-end=\"974\" \/><strong data-start=\"977\" data-end=\"1034\">Un team affiatato e sempre pronto a mettersi in gioco<\/strong>.<\/p><p data-start=\"1039\" data-end=\"1183\">Se cerchi <strong data-start=\"1049\" data-end=\"1087\">un\u2019opportunit\u00e0 di lavoro a Livigno<\/strong>, dove professionalit\u00e0 e divertimento si incontrano, <strong data-start=\"1140\" data-end=\"1181\">La Galleria \u00e8 il posto giusto per te!<\/strong><\/p><p data-start=\"1185\" data-end=\"1240\"><strong data-start=\"1188\" data-end=\"1238\">Candidati ora e inizia la tua nuova avventura!<\/strong><\/p><\/div><p>Join us, send your CV to the address:<a href=\"mailto:job@mottolino.com\"><strong> job@mottolino.com<\/strong><\/a><\/p>\t\t\t\t\t\t\t\t<\/div>\n\t\t\t\t<\/div>\n\t\t\t\t<\/div>\n\t\t\t\t<div class=\"elementor-element elementor-element-1948926 elementor-widget elementor-widget-spacer\" data-id=\"1948926\" data-element_type=\"widget\" data-widget_type=\"spacer.default\">\n\t\t\t\t<div class=\"elementor-widget-container\">\n\t\t\t\t\t\t\t<div class=\"elementor-spacer\">\n\t\t\t<div class=\"elementor-spacer-inner\"><\/div>\n\t\t<\/div>\n\t\t\t\t\t\t<\/div>\n\t\t\t\t<\/div>\n\t\t\t\t\t<\/div>\n\t\t\t\t<\/div>\n\t\t<div class=\"elementor-element elementor-element-0946727 e-con-full e-flex e-con e-parent\" data-id=\"0946727\" data-element_type=\"container\" data-settings=\"{&quot;background_background&quot;:&quot;classic&quot;}\">\n\t\t\t\t<div class=\"elementor-element elementor-element-6a9d969 elementor-widget-mobile__width-inherit elementor-widget-tablet__width-auto elementor-widget__width-inherit elementor-widget elementor-widget-image-carousel\" data-id=\"6a9d969\" data-element_type=\"widget\" data-settings=\"{&quot;slides_to_show&quot;:&quot;5&quot;,&quot;slides_to_show_tablet&quot;:&quot;3&quot;,&quot;slides_to_show_mobile&quot;:&quot;3&quot;,&quot;slides_to_scroll&quot;:&quot;1&quot;,&quot;slides_to_scroll_tablet&quot;:&quot;1&quot;,&quot;slides_to_scroll_mobile&quot;:&quot;3&quot;,&quot;navigation&quot;:&quot;none&quot;,&quot;pause_on_hover&quot;:&quot;no&quot;,&quot;pause_on_interaction&quot;:&quot;no&quot;,&quot;autoplay_speed&quot;:4000,&quot;image_spacing_custom&quot;:{&quot;unit&quot;:&quot;px&quot;,&quot;size&quot;:92,&quot;sizes&quot;:[]},&quot;image_spacing_custom_mobile&quot;:{&quot;unit&quot;:&quot;px&quot;,&quot;size&quot;:0,&quot;sizes&quot;:[]},&quot;autoplay&quot;:&quot;yes&quot;,&quot;infinite&quot;:&quot;yes&quot;,&quot;speed&quot;:500,&quot;image_spacing_custom_tablet&quot;:{&quot;unit&quot;:&quot;px&quot;,&quot;size&quot;:&quot;&quot;,&quot;sizes&quot;:[]}}\" data-widget_type=\"image-carousel.default\">\n\t\t\t\t<div class=\"elementor-widget-container\">\n\t\t\t\t\t\t\t<div class=\"elementor-image-carousel-wrapper swiper\" role=\"region\" aria-roledescription=\"carousel\" aria-label=\"Carosello d&#039;immagini\" dir=\"ltr\">\n\t\t\t<div class=\"elementor-image-carousel swiper-wrapper swiper-image-stretch\" aria-live=\"off\">\n\t\t\t\t\t\t\t\t<div class=\"swiper-slide\" role=\"group\" aria-roledescription=\"slide\" aria-label=\"1 of 6\"><figure class=\"swiper-slide-inner\"><img decoding=\"async\" class=\"swiper-slide-image\" src=\"https:\/\/lagallerialivigno.com\/wp-content\/uploads\/2024\/12\/apple-1.png\" alt=\"apple\" \/><\/figure><\/div><div class=\"swiper-slide\" role=\"group\" aria-roledescription=\"slide\" aria-label=\"2 of 6\"><figure class=\"swiper-slide-inner\"><img decoding=\"async\" class=\"swiper-slide-image\" src=\"https:\/\/lagallerialivigno.com\/wp-content\/uploads\/2024\/12\/gopro.png\" alt=\"gopro\" \/><\/figure><\/div><div class=\"swiper-slide\" role=\"group\" aria-roledescription=\"slide\" aria-label=\"3 of 6\"><figure class=\"swiper-slide-inner\"><img decoding=\"async\" class=\"swiper-slide-image\" src=\"https:\/\/lagallerialivigno.com\/wp-content\/uploads\/2024\/12\/ray-ban.png\" alt=\"ray-ban\" \/><\/figure><\/div><div class=\"swiper-slide\" role=\"group\" aria-roledescription=\"slide\" aria-label=\"4 of 6\"><figure class=\"swiper-slide-inner\"><img decoding=\"async\" class=\"swiper-slide-image\" src=\"https:\/\/lagallerialivigno.com\/wp-content\/uploads\/2024\/12\/alvero-martini.png\" alt=\"alvero-martini\" \/><\/figure><\/div><div class=\"swiper-slide\" role=\"group\" aria-roledescription=\"slide\" aria-label=\"5 of 6\"><figure class=\"swiper-slide-inner\"><img decoding=\"async\" class=\"swiper-slide-image\" src=\"https:\/\/lagallerialivigno.com\/wp-content\/uploads\/2024\/12\/coccinelle.png\" alt=\"coccinelle\" \/><\/figure><\/div><div class=\"swiper-slide\" role=\"group\" aria-roledescription=\"slide\" aria-label=\"6 of 6\"><figure class=\"swiper-slide-inner\"><img decoding=\"async\" class=\"swiper-slide-image\" src=\"https:\/\/lagallerialivigno.com\/wp-content\/uploads\/2024\/12\/love-moschino.png\" alt=\"love-moschino\" \/><\/figure><\/div>\t\t\t<\/div>\n\t\t\t\t\t\t\t\n\t\t\t\t\t\t\t\t\t<\/div>\n\t\t\t\t\t\t<\/div>\n\t\t\t\t<\/div>\n\t\t\t\t<\/div>\n\t\t<div class=\"elementor-element elementor-element-a104e65 e-flex e-con-boxed e-con e-parent\" data-id=\"a104e65\" data-element_type=\"container\">\n\t\t\t\t\t<div class=\"e-con-inner\">\n\t\t\t\t<div class=\"elementor-element elementor-element-70c3b86 elementor-widget elementor-widget-spacer\" data-id=\"70c3b86\" data-element_type=\"widget\" data-widget_type=\"spacer.default\">\n\t\t\t\t<div class=\"elementor-widget-container\">\n\t\t\t\t\t\t\t<div class=\"elementor-spacer\">\n\t\t\t<div class=\"elementor-spacer-inner\"><\/div>\n\t\t<\/div>\n\t\t\t\t\t\t<\/div>\n\t\t\t\t<\/div>\n\t\t\t\t\t<\/div>\n\t\t\t\t<\/div>\n\t\t<footer class=\"elementor-element elementor-element-942a424 e-con-full e-flex e-con e-parent\" data-id=\"942a424\" data-element_type=\"container\" data-settings=\"{&quot;background_background&quot;:&quot;classic&quot;}\">\n\t\t<div class=\"elementor-element elementor-element-62b4046 e-con-full e-flex e-con e-child\" data-id=\"62b4046\" data-element_type=\"container\">\n\t\t\t\t<div class=\"elementor-element elementor-element-51b12f4 elementor-widget elementor-widget-image\" data-id=\"51b12f4\" data-element_type=\"widget\" data-widget_type=\"image.default\">\n\t\t\t\t<div class=\"elementor-widget-container\">\n\t\t\t\t\t\t\t\t\t\t\t\t\t\t\t\t<a href=\"https:\/\/lagallerialivigno.com\/en\">\n\t\t\t\t\t\t\t<img decoding=\"async\" width=\"218\" height=\"100\" src=\"https:\/\/lagallerialivigno.com\/wp-content\/uploads\/2024\/12\/logo.png\" class=\"attachment-full size-full wp-image-9\" alt=\"\" \/>\t\t\t\t\t\t\t\t<\/a>\n\t\t\t\t\t\t\t\t\t\t\t\t\t\t\t<\/div>\n\t\t\t\t<\/div>\n\t\t\t\t<\/div>\n\t\t<div class=\"elementor-element elementor-element-2af83c3 e-con-full e-flex e-con e-child\" data-id=\"2af83c3\" data-element_type=\"container\">\n\t\t\t\t<div class=\"elementor-element elementor-element-fd5ec10 elementor-widget elementor-widget-heading\" data-id=\"fd5ec10\" data-element_type=\"widget\" data-widget_type=\"heading.default\">\n\t\t\t\t<div class=\"elementor-widget-container\">\n\t\t\t\t\t<h4 class=\"elementor-heading-title elementor-size-default\">Galleria delle novit\u00e0 srl<\/h4>\t\t\t\t<\/div>\n\t\t\t\t<\/div>\n\t\t\t\t<div class=\"elementor-element elementor-element-7bb6db5 elementor-widget elementor-widget-text-editor\" data-id=\"7bb6db5\" data-element_type=\"widget\" data-widget_type=\"text-editor.default\">\n\t\t\t\t<div class=\"elementor-widget-container\">\n\t\t\t\t\t\t\t\t\t<p>Via Plan, 99\/B &#8211; 23030M Livigno (SO)<br \/>Cod. Fiscale 92004550148 \/<br \/>Numero REA SO40430<\/p>\t\t\t\t\t\t\t\t<\/div>\n\t\t\t\t<\/div>\n\t\t\t\t<\/div>\n\t\t<div class=\"elementor-element elementor-element-5fe56fb e-con-full e-flex e-con e-child\" data-id=\"5fe56fb\" data-element_type=\"container\">\n\t\t\t\t<div class=\"elementor-element elementor-element-b4fc452 elementor-widget elementor-widget-heading\" data-id=\"b4fc452\" data-element_type=\"widget\" data-widget_type=\"heading.default\">\n\t\t\t\t<div class=\"elementor-widget-container\">\n\t\t\t\t\t<h4 class=\"elementor-heading-title elementor-size-default\">Contact us<\/h4>\t\t\t\t<\/div>\n\t\t\t\t<\/div>\n\t\t\t\t<div class=\"elementor-element elementor-element-c60fce5 elementor-widget elementor-widget-text-editor\" data-id=\"c60fce5\" data-element_type=\"widget\" data-widget_type=\"text-editor.default\">\n\t\t\t\t<div class=\"elementor-widget-container\">\n\t\t\t\t\t\t\t\t\t<p><strong>+39 0342996143<\/strong><br \/><strong>info@lagallerialivigno.com<\/strong><\/p>\t\t\t\t\t\t\t\t<\/div>\n\t\t\t\t<\/div>\n\t\t\t\t<\/div>\n\t\t<div class=\"elementor-element elementor-element-a51f35a e-con-full e-flex e-con e-child\" data-id=\"a51f35a\" data-element_type=\"container\">\n\t\t\t\t<div class=\"elementor-element elementor-element-f35bef2 elementor-widget elementor-widget-heading\" data-id=\"f35bef2\" data-element_type=\"widget\" data-widget_type=\"heading.default\">\n\t\t\t\t<div class=\"elementor-widget-container\">\n\t\t\t\t\t<h4 class=\"elementor-heading-title elementor-size-default\">Follow us<\/h4>\t\t\t\t<\/div>\n\t\t\t\t<\/div>\n\t\t\t\t<div class=\"elementor-element elementor-element-24cb0ae e-grid-align-left e-grid-align-mobile-center elementor-shape-rounded elementor-grid-0 elementor-widget elementor-widget-social-icons\" data-id=\"24cb0ae\" data-element_type=\"widget\" data-widget_type=\"social-icons.default\">\n\t\t\t\t<div class=\"elementor-widget-container\">\n\t\t\t\t\t\t\t<div class=\"elementor-social-icons-wrapper elementor-grid\" role=\"list\">\n\t\t\t\t\t\t\t<span class=\"elementor-grid-item\" role=\"listitem\">\n\t\t\t\t\t<a class=\"elementor-icon elementor-social-icon elementor-social-icon-facebook-f elementor-animation-push elementor-repeater-item-2ffba9f\" target=\"_blank\">\n\t\t\t\t\t\t<span class=\"elementor-screen-only\">Facebook-f<\/span>\n\t\t\t\t\t\t<svg aria-hidden=\"true\" class=\"e-font-icon-svg e-fab-facebook-f\" viewbox=\"0 0 320 512\" xmlns=\"http:\/\/www.w3.org\/2000\/svg\"><path d=\"M279.14 288l14.22-92.66h-88.91v-60.13c0-25.35 12.42-50.06 52.24-50.06h40.42V6.26S260.43 0 225.36 0c-73.22 0-121.08 44.38-121.08 124.72v70.62H22.89V288h81.39v224h100.17V288z\"><\/path><\/svg>\t\t\t\t\t<\/a>\n\t\t\t\t<\/span>\n\t\t\t\t\t\t\t<span class=\"elementor-grid-item\" role=\"listitem\">\n\t\t\t\t\t<a class=\"elementor-icon elementor-social-icon elementor-social-icon-instagram elementor-animation-push elementor-repeater-item-02f5896\" href=\"https:\/\/www.instagram.com\/lagallerialivigno\/\" target=\"_blank\">\n\t\t\t\t\t\t<span class=\"elementor-screen-only\">Instagram<\/span>\n\t\t\t\t\t\t<svg aria-hidden=\"true\" class=\"e-font-icon-svg e-fab-instagram\" viewbox=\"0 0 448 512\" xmlns=\"http:\/\/www.w3.org\/2000\/svg\"><path d=\"M224.1 141c-63.6 0-114.9 51.3-114.9 114.9s51.3 114.9 114.9 114.9S339 319.5 339 255.9 287.7 141 224.1 141zm0 189.6c-41.1 0-74.7-33.5-74.7-74.7s33.5-74.7 74.7-74.7 74.7 33.5 74.7 74.7-33.6 74.7-74.7 74.7zm146.4-194.3c0 14.9-12 26.8-26.8 26.8-14.9 0-26.8-12-26.8-26.8s12-26.8 26.8-26.8 26.8 12 26.8 26.8zm76.1 27.2c-1.7-35.9-9.9-67.7-36.2-93.9-26.2-26.2-58-34.4-93.9-36.2-37-2.1-147.9-2.1-184.9 0-35.8 1.7-67.6 9.9-93.9 36.1s-34.4 58-36.2 93.9c-2.1 37-2.1 147.9 0 184.9 1.7 35.9 9.9 67.7 36.2 93.9s58 34.4 93.9 36.2c37 2.1 147.9 2.1 184.9 0 35.9-1.7 67.7-9.9 93.9-36.2 26.2-26.2 34.4-58 36.2-93.9 2.1-37 2.1-147.8 0-184.8zM398.8 388c-7.8 19.6-22.9 34.7-42.6 42.6-29.5 11.7-99.5 9-132.1 9s-102.7 2.6-132.1-9c-19.6-7.8-34.7-22.9-42.6-42.6-11.7-29.5-9-99.5-9-132.1s-2.6-102.7 9-132.1c7.8-19.6 22.9-34.7 42.6-42.6 29.5-11.7 99.5-9 132.1-9s102.7-2.6 132.1 9c19.6 7.8 34.7 22.9 42.6 42.6 11.7 29.5 9 99.5 9 132.1s2.7 102.7-9 132.1z\"><\/path><\/svg>\t\t\t\t\t<\/a>\n\t\t\t\t<\/span>\n\t\t\t\t\t<\/div>\n\t\t\t\t\t\t<\/div>\n\t\t\t\t<\/div>\n\t\t\t\t<\/div>\n\t\t\t\t<\/footer>\n\t\t\t\t<\/div>","protected":false},"excerpt":{"rendered":"<p>LAVORA CON NOI Cerchi una Nuova Opportunit\u00e0 di Lavoro? Unisciti a La Galleria Livigno! Entrare a far parte del team di La Galleria Livigno significa molto pi\u00f9 che avere un semplice lavoro: qui, il divertimento \u00e8 parte del nostro DNA, proprio come recita il nostro payoff \u201cFun Shopping\u201d. Il nostro team \u00e8 composto da persone [&hellip;]<\/p>","protected":false},"author":1,"featured_media":0,"parent":0,"menu_order":0,"comment_status":"closed","ping_status":"closed","template":"","meta":{"footnotes":""},"class_list":["post-29","page","type-page","status-publish","hentry"],"yoast_head":"<!-- This site is optimized with the Yoast SEO plugin v24.2 - https:\/\/yoast.com\/wordpress\/plugins\/seo\/ -->\n<title>Lavora con noi - lagallerialivigno<\/title>\n<meta name=\"robots\" content=\"noindex, follow, max-snippet:-1, max-image-preview:large, max-video-preview:-1\" \/>\n<meta property=\"og:locale\" content=\"en_GB\" \/>\n<meta property=\"og:type\" content=\"article\" \/>\n<meta property=\"og:title\" content=\"Lavora con noi - lagallerialivigno\" \/>\n<meta property=\"og:description\" content=\"LAVORA CON NOI Cerchi una Nuova Opportunit\u00e0 di Lavoro? Unisciti a La Galleria Livigno! Entrare a far parte del team di La Galleria Livigno significa molto pi\u00f9 che avere un semplice lavoro: qui, il divertimento \u00e8 parte del nostro DNA, proprio come recita il nostro payoff \u201cFun Shopping\u201d. Il nostro team \u00e8 composto da persone [&hellip;]\" \/>\n<meta property=\"og:url\" content=\"https:\/\/lagallerialivigno.com\/en\/lavora-con-noi\/\" \/>\n<meta property=\"og:site_name\" content=\"lagallerialivigno\" \/>\n<meta property=\"article:modified_time\" content=\"2025-02-13T14:54:21+00:00\" \/>\n<meta property=\"og:image\" content=\"https:\/\/lagallerialivigno.com\/wp-content\/uploads\/2024\/12\/apple-1.png\" \/>\n<meta name=\"twitter:card\" content=\"summary_large_image\" \/>\n<meta name=\"twitter:label1\" content=\"Estimated reading time\" \/>\n\t<meta name=\"twitter:data1\" content=\"4 minutes\" \/>\n<script type=\"application\/ld+json\" class=\"yoast-schema-graph\">{\"@context\":\"https:\/\/schema.org\",\"@graph\":[{\"@type\":\"WebPage\",\"@id\":\"https:\/\/lagallerialivigno.com\/lavora-con-noi\/\",\"url\":\"https:\/\/lagallerialivigno.com\/lavora-con-noi\/\",\"name\":\"Lavora con noi - lagallerialivigno\",\"isPartOf\":{\"@id\":\"https:\/\/lagallerialivigno.com\/en\/#website\"},\"primaryImageOfPage\":{\"@id\":\"https:\/\/lagallerialivigno.com\/lavora-con-noi\/#primaryimage\"},\"image\":{\"@id\":\"https:\/\/lagallerialivigno.com\/lavora-con-noi\/#primaryimage\"},\"thumbnailUrl\":\"https:\/\/lagallerialivigno.com\/wp-content\/uploads\/2024\/12\/apple-1.png\",\"datePublished\":\"2024-12-19T13:18:56+00:00\",\"dateModified\":\"2025-02-13T14:54:21+00:00\",\"breadcrumb\":{\"@id\":\"https:\/\/lagallerialivigno.com\/lavora-con-noi\/#breadcrumb\"},\"inLanguage\":\"en-GB\",\"potentialAction\":[{\"@type\":\"ReadAction\",\"target\":[\"https:\/\/lagallerialivigno.com\/lavora-con-noi\/\"]}]},{\"@type\":\"ImageObject\",\"inLanguage\":\"en-GB\",\"@id\":\"https:\/\/lagallerialivigno.com\/lavora-con-noi\/#primaryimage\",\"url\":\"https:\/\/lagallerialivigno.com\/wp-content\/uploads\/2024\/12\/apple-1.png\",\"contentUrl\":\"https:\/\/lagallerialivigno.com\/wp-content\/uploads\/2024\/12\/apple-1.png\"},{\"@type\":\"BreadcrumbList\",\"@id\":\"https:\/\/lagallerialivigno.com\/lavora-con-noi\/#breadcrumb\",\"itemListElement\":[{\"@type\":\"ListItem\",\"position\":1,\"name\":\"Home\",\"item\":\"https:\/\/lagallerialivigno.com\/\"},{\"@type\":\"ListItem\",\"position\":2,\"name\":\"Lavora con noi\"}]},{\"@type\":\"WebSite\",\"@id\":\"https:\/\/lagallerialivigno.com\/en\/#website\",\"url\":\"https:\/\/lagallerialivigno.com\/en\/\",\"name\":\"lagallerialivigno\",\"description\":\"\",\"publisher\":{\"@id\":\"https:\/\/lagallerialivigno.com\/en\/#organization\"},\"potentialAction\":[{\"@type\":\"SearchAction\",\"target\":{\"@type\":\"EntryPoint\",\"urlTemplate\":\"https:\/\/lagallerialivigno.com\/en\/?s={search_term_string}\"},\"query-input\":{\"@type\":\"PropertyValueSpecification\",\"valueRequired\":true,\"valueName\":\"search_term_string\"}}],\"inLanguage\":\"en-GB\"},{\"@type\":\"Organization\",\"@id\":\"https:\/\/lagallerialivigno.com\/en\/#organization\",\"name\":\"lagallerialivigno\",\"url\":\"https:\/\/lagallerialivigno.com\/en\/\",\"logo\":{\"@type\":\"ImageObject\",\"inLanguage\":\"en-GB\",\"@id\":\"https:\/\/lagallerialivigno.com\/en\/#\/schema\/logo\/image\/\",\"url\":\"https:\/\/lagallerialivigno.com\/wp-content\/uploads\/2024\/12\/logo.png\",\"contentUrl\":\"https:\/\/lagallerialivigno.com\/wp-content\/uploads\/2024\/12\/logo.png\",\"width\":218,\"height\":100,\"caption\":\"lagallerialivigno\"},\"image\":{\"@id\":\"https:\/\/lagallerialivigno.com\/en\/#\/schema\/logo\/image\/\"}}]}<\/script>\n<!-- \/ Yoast SEO plugin. -->","yoast_head_json":{"title":"Lavora con noi - lagallerialivigno","robots":{"index":"noindex","follow":"follow","max-snippet":"max-snippet:-1","max-image-preview":"max-image-preview:large","max-video-preview":"max-video-preview:-1"},"og_locale":"en_GB","og_type":"article","og_title":"Lavora con noi - lagallerialivigno","og_description":"LAVORA CON NOI Cerchi una Nuova Opportunit\u00e0 di Lavoro? Unisciti a La Galleria Livigno! Entrare a far parte del team di La Galleria Livigno significa molto pi\u00f9 che avere un semplice lavoro: qui, il divertimento \u00e8 parte del nostro DNA, proprio come recita il nostro payoff \u201cFun Shopping\u201d. Il nostro team \u00e8 composto da persone [&hellip;]","og_url":"https:\/\/lagallerialivigno.com\/en\/lavora-con-noi\/","og_site_name":"lagallerialivigno","article_modified_time":"2025-02-13T14:54:21+00:00","og_image":[{"url":"https:\/\/lagallerialivigno.com\/wp-content\/uploads\/2024\/12\/apple-1.png","type":"","width":"","height":""}],"twitter_card":"summary_large_image","twitter_misc":{"Estimated reading time":"4 minutes"},"schema":{"@context":"https:\/\/schema.org","@graph":[{"@type":"WebPage","@id":"https:\/\/lagallerialivigno.com\/lavora-con-noi\/","url":"https:\/\/lagallerialivigno.com\/lavora-con-noi\/","name":"Lavora con noi - lagallerialivigno","isPartOf":{"@id":"https:\/\/lagallerialivigno.com\/en\/#website"},"primaryImageOfPage":{"@id":"https:\/\/lagallerialivigno.com\/lavora-con-noi\/#primaryimage"},"image":{"@id":"https:\/\/lagallerialivigno.com\/lavora-con-noi\/#primaryimage"},"thumbnailUrl":"https:\/\/lagallerialivigno.com\/wp-content\/uploads\/2024\/12\/apple-1.png","datePublished":"2024-12-19T13:18:56+00:00","dateModified":"2025-02-13T14:54:21+00:00","breadcrumb":{"@id":"https:\/\/lagallerialivigno.com\/lavora-con-noi\/#breadcrumb"},"inLanguage":"en-GB","potentialAction":[{"@type":"ReadAction","target":["https:\/\/lagallerialivigno.com\/lavora-con-noi\/"]}]},{"@type":"ImageObject","inLanguage":"en-GB","@id":"https:\/\/lagallerialivigno.com\/lavora-con-noi\/#primaryimage","url":"https:\/\/lagallerialivigno.com\/wp-content\/uploads\/2024\/12\/apple-1.png","contentUrl":"https:\/\/lagallerialivigno.com\/wp-content\/uploads\/2024\/12\/apple-1.png"},{"@type":"BreadcrumbList","@id":"https:\/\/lagallerialivigno.com\/lavora-con-noi\/#breadcrumb","itemListElement":[{"@type":"ListItem","position":1,"name":"Home","item":"https:\/\/lagallerialivigno.com\/"},{"@type":"ListItem","position":2,"name":"Lavora con noi"}]},{"@type":"WebSite","@id":"https:\/\/lagallerialivigno.com\/en\/#website","url":"https:\/\/lagallerialivigno.com\/en\/","name":"lagallerialivigno","description":"","publisher":{"@id":"https:\/\/lagallerialivigno.com\/en\/#organization"},"potentialAction":[{"@type":"SearchAction","target":{"@type":"EntryPoint","urlTemplate":"https:\/\/lagallerialivigno.com\/en\/?s={search_term_string}"},"query-input":{"@type":"PropertyValueSpecification","valueRequired":true,"valueName":"search_term_string"}}],"inLanguage":"en-GB"},{"@type":"Organization","@id":"https:\/\/lagallerialivigno.com\/en\/#organization","name":"lagallerialivigno","url":"https:\/\/lagallerialivigno.com\/en\/","logo":{"@type":"ImageObject","inLanguage":"en-GB","@id":"https:\/\/lagallerialivigno.com\/en\/#\/schema\/logo\/image\/","url":"https:\/\/lagallerialivigno.com\/wp-content\/uploads\/2024\/12\/logo.png","contentUrl":"https:\/\/lagallerialivigno.com\/wp-content\/uploads\/2024\/12\/logo.png","width":218,"height":100,"caption":"lagallerialivigno"},"image":{"@id":"https:\/\/lagallerialivigno.com\/en\/#\/schema\/logo\/image\/"}}]}},"_links":{"self":[{"href":"https:\/\/lagallerialivigno.com\/en\/wp-json\/wp\/v2\/pages\/29","targetHints":{"allow":["GET"]}}],"collection":[{"href":"https:\/\/lagallerialivigno.com\/en\/wp-json\/wp\/v2\/pages"}],"about":[{"href":"https:\/\/lagallerialivigno.com\/en\/wp-json\/wp\/v2\/types\/page"}],"author":[{"embeddable":true,"href":"https:\/\/lagallerialivigno.com\/en\/wp-json\/wp\/v2\/users\/1"}],"replies":[{"embeddable":true,"href":"https:\/\/lagallerialivigno.com\/en\/wp-json\/wp\/v2\/comments?post=29"}],"version-history":[{"count":16,"href":"https:\/\/lagallerialivigno.com\/en\/wp-json\/wp\/v2\/pages\/29\/revisions"}],"predecessor-version":[{"id":441,"href":"https:\/\/lagallerialivigno.com\/en\/wp-json\/wp\/v2\/pages\/29\/revisions\/441"}],"wp:attachment":[{"href":"https:\/\/lagallerialivigno.com\/en\/wp-json\/wp\/v2\/media?parent=29"}],"curies":[{"name":"wp","href":"https:\/\/api.w.org\/{rel}","templated":true}]}}